{"id":1001,"date":"2023-12-13T12:34:57","date_gmt":"2023-12-13T11:34:57","guid":{"rendered":"https:\/\/uvascuba.es\/?page_id=1001"},"modified":"2025-03-20T16:18:09","modified_gmt":"2025-03-20T15:18:09","slug":"blog","status":"publish","type":"page","link":"https:\/\/uvascuba.es\/?page_id=1001","title":{"rendered":"BLOG"},"content":{"rendered":"\t\t<div data-elementor-type=\"wp-page\" data-elementor-id=\"1001\" class=\"elementor elementor-1001\">\n\t\t\t\t<div class=\"elementor-element elementor-element-1fd5d6d e-flex e-con-boxed wpr-particle-no wpr-jarallax-no wpr-parallax-no wpr-sticky-section-no e-con e-parent\" data-id=\"1fd5d6d\" data-element_type=\"container\" data-e-type=\"container\">\n\t\t\t\t\t<div class=\"e-con-inner\">\n\t\t\t\t<div class=\"elementor-element elementor-element-4cc8d91 elementor-widget elementor-widget-heading\" data-id=\"4cc8d91\" data-element_type=\"widget\" data-e-type=\"widget\" data-widget_type=\"heading.default\">\n\t\t\t\t<div class=\"elementor-widget-container\">\n\t\t\t\t\t<h2 class=\"elementor-heading-title elementor-size-large\">NUESTRO BLOG<\/h2>\t\t\t\t<\/div>\n\t\t\t\t<\/div>\n\t\t\t\t<div class=\"elementor-element elementor-element-24b93d5 elementor-widget-divider--view-line elementor-invisible elementor-widget elementor-widget-divider\" data-id=\"24b93d5\" data-element_type=\"widget\" data-e-type=\"widget\" data-settings=\"{&quot;_animation&quot;:&quot;fadeInUp&quot;}\" data-widget_type=\"divider.default\">\n\t\t\t\t<div class=\"elementor-widget-container\">\n\t\t\t\t\t\t\t<div class=\"elementor-divider\">\n\t\t\t<span class=\"elementor-divider-separator\">\n\t\t\t\t\t\t<\/span>\n\t\t<\/div>\n\t\t\t\t\t\t<\/div>\n\t\t\t\t<\/div>\n\t\t\t\t\t<\/div>\n\t\t\t\t<\/div>\n\t\t\t\t<section class=\"elementor-section elementor-top-section elementor-element elementor-element-292511850 elementor-section-full_width elementor-section-height-default elementor-section-height-default wpr-particle-no wpr-jarallax-no wpr-parallax-no wpr-sticky-section-no\" data-id=\"292511850\" data-element_type=\"section\" data-e-type=\"section\">\n\t\t\t\t\t\t<div class=\"elementor-container elementor-column-gap-default\">\n\t\t\t\t\t<div class=\"elementor-column elementor-col-100 elementor-top-column elementor-element elementor-element-27da9bcb\" data-id=\"27da9bcb\" data-element_type=\"column\" data-e-type=\"column\">\n\t\t\t<div class=\"elementor-widget-wrap elementor-element-populated\">\n\t\t\t\t\t\t<div class=\"elementor-element elementor-element-6964add6 wpr-grid-columns-1 wpr-grid-columns--tablet1 wpr-grid-columns--mobile1 wpr-grid-pagination-center wpr-item-styles-inner elementor-invisible elementor-widget elementor-widget-wpr-grid\" data-id=\"6964add6\" data-element_type=\"widget\" data-e-type=\"widget\" data-settings=\"{&quot;_animation&quot;:&quot;fadeInUp&quot;}\" data-widget_type=\"wpr-grid.default\">\n\t\t\t\t<div class=\"elementor-widget-container\">\n\t\t\t\t\t<ul class=\"wpr-grid-filters elementor-clearfix wpr-grid-filters-sep-right\"><li class=\" wpr-pointer-none wpr-pointer-line-fx wpr-pointer-fx-none\"><span data-filter=\"*\" class=\"wpr-active-filter \">Todo<\/span><em class=\"wpr-grid-filters-sep\"><\/em><\/li><li class=\" wpr-pointer-none wpr-pointer-line-fx wpr-pointer-fx-none\"><span  data-filter=\".category-inmersiones\">Inmersiones<\/span><em class=\"wpr-grid-filters-sep\"><\/em><\/li><\/ul><section class=\"wpr-grid elementor-clearfix\" data-settings=\"{&quot;layout&quot;:&quot;list&quot;,&quot;stick_last_element_to_bottom&quot;:&quot;no&quot;,&quot;columns_desktop&quot;:1,&quot;gutter_hr&quot;:15,&quot;gutter_hr_mobile&quot;:15,&quot;gutter_hr_mobile_extra&quot;:15,&quot;gutter_hr_tablet&quot;:15,&quot;gutter_hr_tablet_extra&quot;:15,&quot;gutter_hr_laptop&quot;:15,&quot;gutter_hr_widescreen&quot;:15,&quot;gutter_vr&quot;:50,&quot;gutter_vr_mobile&quot;:50,&quot;gutter_vr_mobile_extra&quot;:50,&quot;gutter_vr_tablet&quot;:50,&quot;gutter_vr_tablet_extra&quot;:50,&quot;gutter_vr_laptop&quot;:50,&quot;gutter_vr_widescreen&quot;:50,&quot;animation&quot;:&quot;default&quot;,&quot;animation_duration&quot;:0.3,&quot;animation_delay&quot;:0.1,&quot;deeplinking&quot;:&quot;&quot;,&quot;filters_linkable&quot;:&quot;no&quot;,&quot;filters_default_filter&quot;:&quot;&quot;,&quot;filters_count&quot;:&quot;&quot;,&quot;filters_hide_empty&quot;:&quot;yes&quot;,&quot;filters_animation&quot;:&quot;default&quot;,&quot;filters_animation_duration&quot;:0.3,&quot;filters_animation_delay&quot;:0.1,&quot;pagination_type&quot;:&quot;numbered&quot;,&quot;pagination_max_pages&quot;:2,&quot;media_align&quot;:&quot;left&quot;,&quot;media_width&quot;:25,&quot;media_distance&quot;:20,&quot;lightbox&quot;:{&quot;selector&quot;:&quot;.wpr-grid-image-wrap&quot;,&quot;iframeMaxWidth&quot;:&quot;60%&quot;,&quot;hash&quot;:false,&quot;autoplay&quot;:&quot;true&quot;,&quot;pause&quot;:5000,&quot;progressBar&quot;:&quot;true&quot;,&quot;counter&quot;:&quot;true&quot;,&quot;controls&quot;:&quot;true&quot;,&quot;getCaptionFromTitleOrAlt&quot;:&quot;true&quot;,&quot;thumbnail&quot;:&quot;&quot;,&quot;showThumbByDefault&quot;:&quot;&quot;,&quot;share&quot;:&quot;&quot;,&quot;zoom&quot;:&quot;true&quot;,&quot;fullScreen&quot;:&quot;true&quot;,&quot;download&quot;:&quot;true&quot;}}\"><article class=\"wpr-grid-item elementor-clearfix post-3243 post type-post status-publish format-standard has-post-thumbnail hentry category-inmersiones\"><div class=\"wpr-grid-item-inner\"><div class=\"wpr-grid-media-wrap wpr-effect-size-medium \" data-overlay-link=\"yes\"><div class=\"wpr-grid-image-wrap\" data-src=\"https:\/\/uvascuba.es\/wp-content\/uploads\/2025\/03\/Miniatura_entrada_BuceoCientifico-768x768.jpg\" data-img-on-hover=\"\"  data-src-secondary=\"\"><img decoding=\"async\" data-no-lazy=\"1\" src=\"https:\/\/uvascuba.es\/wp-content\/uploads\/2025\/03\/Miniatura_entrada_BuceoCientifico-768x768.jpg\" alt=\"Primer curso completado de buceo\u00a0cient\u00edfico\" class=\"wpr-anim-timing-ease-default\"><\/div><div class=\"wpr-grid-media-hover wpr-animation-wrap\"><div class=\"wpr-grid-media-hover-bg  wpr-overlay-fade-in wpr-anim-size-large wpr-anim-timing-ease-default wpr-anim-transparency\" data-url=\"https:\/\/uvascuba.es\/?p=3243\"><\/div><\/div><\/div><div class=\"wpr-grid-item-below-content elementor-clearfix\"><div class=\"wpr-grid-item-category elementor-repeater-item-7a9afee wpr-grid-item-display-block wpr-grid-item-align-left wpr-pointer-none wpr-pointer-line-fx wpr-pointer-fx-fade wpr-grid-tax-style-1\"><div class=\"inner-block\"><a class=\" wpr-tax-id-1\" href=\"https:\/\/uvascuba.es\/?cat=1\">Inmersiones<\/a><\/div><\/div><h2 class=\"wpr-grid-item-title elementor-repeater-item-2d29edf wpr-grid-item-display-block wpr-grid-item-align-left wpr-pointer-none wpr-pointer-line-fx wpr-pointer-fx-fade\"><div class=\"inner-block\"><a target=\"_self\"  href=\"https:\/\/uvascuba.es\/?p=3243\">Primer curso completado de buceo\u00a0cient\u00edfico<\/a><\/div><\/h2><div class=\"wpr-grid-item-date elementor-repeater-item-589fcd9 wpr-grid-item-display-block wpr-grid-item-align-left\"><div class=\"inner-block\"><span>20 de marzo de 2025<\/span><\/div><\/div><div class=\"wpr-grid-item-separator elementor-repeater-item-0025724 wpr-grid-item-display-block wpr-grid-item-align-left wpr-grid-sep-style-2\"><div class=\"inner-block\"><span><\/span><\/div><\/div><div class=\"wpr-grid-item-read-more elementor-repeater-item-716d6c5 wpr-grid-item-display-block wpr-grid-item-align-left\"><div class=\"inner-block\"><a target=\"_self\" href=\"https:\/\/uvascuba.es\/?p=3243\" class=\"wpr-button-effect wpr-button-none\"><span>Leer m\u00e1s<\/span><\/a><\/div><\/div><\/div><\/div><\/article><article class=\"wpr-grid-item elementor-clearfix post-991 post type-post status-publish format-standard has-post-thumbnail hentry category-inmersiones\"><div class=\"wpr-grid-item-inner\"><div class=\"wpr-grid-media-wrap wpr-effect-size-medium \" data-overlay-link=\"yes\"><div class=\"wpr-grid-image-wrap\" data-src=\"https:\/\/uvascuba.es\/wp-content\/uploads\/2024\/01\/Sin-titulo-1_Mesa-de-trabajo-1.jpg\" data-img-on-hover=\"\"  data-src-secondary=\"\"><img decoding=\"async\" data-no-lazy=\"1\" src=\"https:\/\/uvascuba.es\/wp-content\/uploads\/2024\/01\/Sin-titulo-1_Mesa-de-trabajo-1.jpg\" alt=\"MAR ROJO 2023\" class=\"wpr-anim-timing-ease-default\"><\/div><div class=\"wpr-grid-media-hover wpr-animation-wrap\"><div class=\"wpr-grid-media-hover-bg  wpr-overlay-fade-in wpr-anim-size-large wpr-anim-timing-ease-default wpr-anim-transparency\" data-url=\"https:\/\/uvascuba.es\/?p=991\"><\/div><\/div><\/div><div class=\"wpr-grid-item-below-content elementor-clearfix\"><div class=\"wpr-grid-item-category elementor-repeater-item-7a9afee wpr-grid-item-display-block wpr-grid-item-align-left wpr-pointer-none wpr-pointer-line-fx wpr-pointer-fx-fade wpr-grid-tax-style-1\"><div class=\"inner-block\"><a class=\" wpr-tax-id-1\" href=\"https:\/\/uvascuba.es\/?cat=1\">Inmersiones<\/a><\/div><\/div><h2 class=\"wpr-grid-item-title elementor-repeater-item-2d29edf wpr-grid-item-display-block wpr-grid-item-align-left wpr-pointer-none wpr-pointer-line-fx wpr-pointer-fx-fade\"><div class=\"inner-block\"><a target=\"_self\"  href=\"https:\/\/uvascuba.es\/?p=991\">MAR ROJO 2023<\/a><\/div><\/h2><div class=\"wpr-grid-item-date elementor-repeater-item-589fcd9 wpr-grid-item-display-block wpr-grid-item-align-left\"><div class=\"inner-block\"><span>13 de diciembre de 2023<\/span><\/div><\/div><div class=\"wpr-grid-item-separator elementor-repeater-item-0025724 wpr-grid-item-display-block wpr-grid-item-align-left wpr-grid-sep-style-2\"><div class=\"inner-block\"><span><\/span><\/div><\/div><div class=\"wpr-grid-item-read-more elementor-repeater-item-716d6c5 wpr-grid-item-display-block wpr-grid-item-align-left\"><div class=\"inner-block\"><a target=\"_self\" href=\"https:\/\/uvascuba.es\/?p=991\" class=\"wpr-button-effect wpr-button-none\"><span>Leer m\u00e1s<\/span><\/a><\/div><\/div><\/div><\/div><\/article><article class=\"wpr-grid-item elementor-clearfix post-2535 post type-post status-publish format-standard has-post-thumbnail hentry category-inmersiones\"><div class=\"wpr-grid-item-inner\"><div class=\"wpr-grid-media-wrap wpr-effect-size-medium \" data-overlay-link=\"yes\"><div class=\"wpr-grid-image-wrap\" data-src=\"https:\/\/uvascuba.es\/wp-content\/uploads\/2024\/01\/Sin-titulo-1-06.jpg\" data-img-on-hover=\"\"  data-src-secondary=\"\"><img decoding=\"async\" data-no-lazy=\"1\" src=\"https:\/\/uvascuba.es\/wp-content\/uploads\/2024\/01\/Sin-titulo-1-06.jpg\" alt=\"Mar Rojo Norte Oct 2023\" class=\"wpr-anim-timing-ease-default\"><\/div><div class=\"wpr-grid-media-hover wpr-animation-wrap\"><div class=\"wpr-grid-media-hover-bg  wpr-overlay-fade-in wpr-anim-size-large wpr-anim-timing-ease-default wpr-anim-transparency\" data-url=\"https:\/\/uvascuba.es\/?p=2535\"><\/div><\/div><\/div><div class=\"wpr-grid-item-below-content elementor-clearfix\"><div class=\"wpr-grid-item-category elementor-repeater-item-7a9afee wpr-grid-item-display-block wpr-grid-item-align-left wpr-pointer-none wpr-pointer-line-fx wpr-pointer-fx-fade wpr-grid-tax-style-1\"><div class=\"inner-block\"><a class=\" wpr-tax-id-1\" href=\"https:\/\/uvascuba.es\/?cat=1\">Inmersiones<\/a><\/div><\/div><h2 class=\"wpr-grid-item-title elementor-repeater-item-2d29edf wpr-grid-item-display-block wpr-grid-item-align-left wpr-pointer-none wpr-pointer-line-fx wpr-pointer-fx-fade\"><div class=\"inner-block\"><a target=\"_self\"  href=\"https:\/\/uvascuba.es\/?p=2535\">Mar Rojo Norte Oct 2023<\/a><\/div><\/h2><div class=\"wpr-grid-item-date elementor-repeater-item-589fcd9 wpr-grid-item-display-block wpr-grid-item-align-left\"><div class=\"inner-block\"><span>12 de diciembre de 2023<\/span><\/div><\/div><div class=\"wpr-grid-item-separator elementor-repeater-item-0025724 wpr-grid-item-display-block wpr-grid-item-align-left wpr-grid-sep-style-2\"><div class=\"inner-block\"><span><\/span><\/div><\/div><div class=\"wpr-grid-item-read-more elementor-repeater-item-716d6c5 wpr-grid-item-display-block wpr-grid-item-align-left\"><div class=\"inner-block\"><a target=\"_self\" href=\"https:\/\/uvascuba.es\/?p=2535\" class=\"wpr-button-effect wpr-button-none\"><span>Leer m\u00e1s<\/span><\/a><\/div><\/div><\/div><\/div><\/article><article class=\"wpr-grid-item elementor-clearfix post-2466 post type-post status-publish format-standard has-post-thumbnail hentry category-inmersiones\"><div class=\"wpr-grid-item-inner\"><div class=\"wpr-grid-media-wrap wpr-effect-size-medium \" data-overlay-link=\"yes\"><div class=\"wpr-grid-image-wrap\" data-src=\"https:\/\/uvascuba.es\/wp-content\/uploads\/2024\/01\/Sin-titulo-1-05.jpg\" data-img-on-hover=\"\"  data-src-secondary=\"\"><img decoding=\"async\" data-no-lazy=\"1\" src=\"https:\/\/uvascuba.es\/wp-content\/uploads\/2024\/01\/Sin-titulo-1-05.jpg\" alt=\"Mar Rojo Norte Oct. 2023 Luxor\" class=\"wpr-anim-timing-ease-default\"><\/div><div class=\"wpr-grid-media-hover wpr-animation-wrap\"><div class=\"wpr-grid-media-hover-bg  wpr-overlay-fade-in wpr-anim-size-large wpr-anim-timing-ease-default wpr-anim-transparency\" data-url=\"https:\/\/uvascuba.es\/?p=2466\"><\/div><\/div><\/div><div class=\"wpr-grid-item-below-content elementor-clearfix\"><div class=\"wpr-grid-item-category elementor-repeater-item-7a9afee wpr-grid-item-display-block wpr-grid-item-align-left wpr-pointer-none wpr-pointer-line-fx wpr-pointer-fx-fade wpr-grid-tax-style-1\"><div class=\"inner-block\"><a class=\" wpr-tax-id-1\" href=\"https:\/\/uvascuba.es\/?cat=1\">Inmersiones<\/a><\/div><\/div><h2 class=\"wpr-grid-item-title elementor-repeater-item-2d29edf wpr-grid-item-display-block wpr-grid-item-align-left wpr-pointer-none wpr-pointer-line-fx wpr-pointer-fx-fade\"><div class=\"inner-block\"><a target=\"_self\"  href=\"https:\/\/uvascuba.es\/?p=2466\">Mar Rojo Norte Oct. 2023 Luxor<\/a><\/div><\/h2><div class=\"wpr-grid-item-date elementor-repeater-item-589fcd9 wpr-grid-item-display-block wpr-grid-item-align-left\"><div class=\"inner-block\"><span>12 de diciembre de 2023<\/span><\/div><\/div><div class=\"wpr-grid-item-separator elementor-repeater-item-0025724 wpr-grid-item-display-block wpr-grid-item-align-left wpr-grid-sep-style-2\"><div class=\"inner-block\"><span><\/span><\/div><\/div><div class=\"wpr-grid-item-read-more elementor-repeater-item-716d6c5 wpr-grid-item-display-block wpr-grid-item-align-left\"><div class=\"inner-block\"><a target=\"_self\" href=\"https:\/\/uvascuba.es\/?p=2466\" class=\"wpr-button-effect wpr-button-none\"><span>Leer m\u00e1s<\/span><\/a><\/div><\/div><\/div><\/div><\/article><article class=\"wpr-grid-item elementor-clearfix post-2540 post type-post status-publish format-standard has-post-thumbnail hentry category-inmersiones\"><div class=\"wpr-grid-item-inner\"><div class=\"wpr-grid-media-wrap wpr-effect-size-medium \" data-overlay-link=\"yes\"><div class=\"wpr-grid-image-wrap\" data-src=\"https:\/\/uvascuba.es\/wp-content\/uploads\/2023\/12\/Sin-titulo-1-11.jpg\" data-img-on-hover=\"\"  data-src-secondary=\"\"><img decoding=\"async\" data-no-lazy=\"1\" src=\"https:\/\/uvascuba.es\/wp-content\/uploads\/2023\/12\/Sin-titulo-1-11.jpg\" alt=\"Curso AOWD Diciembre del 2023\" class=\"wpr-anim-timing-ease-default\"><\/div><div class=\"wpr-grid-media-hover wpr-animation-wrap\"><div class=\"wpr-grid-media-hover-bg  wpr-overlay-fade-in wpr-anim-size-large wpr-anim-timing-ease-default wpr-anim-transparency\" data-url=\"https:\/\/uvascuba.es\/?p=2540\"><\/div><\/div><\/div><div class=\"wpr-grid-item-below-content elementor-clearfix\"><div class=\"wpr-grid-item-category elementor-repeater-item-7a9afee wpr-grid-item-display-block wpr-grid-item-align-left wpr-pointer-none wpr-pointer-line-fx wpr-pointer-fx-fade wpr-grid-tax-style-1\"><div class=\"inner-block\"><a class=\" wpr-tax-id-1\" href=\"https:\/\/uvascuba.es\/?cat=1\">Inmersiones<\/a><\/div><\/div><h2 class=\"wpr-grid-item-title elementor-repeater-item-2d29edf wpr-grid-item-display-block wpr-grid-item-align-left wpr-pointer-none wpr-pointer-line-fx wpr-pointer-fx-fade\"><div class=\"inner-block\"><a target=\"_self\"  href=\"https:\/\/uvascuba.es\/?p=2540\">Curso AOWD Diciembre del 2023<\/a><\/div><\/h2><div class=\"wpr-grid-item-date elementor-repeater-item-589fcd9 wpr-grid-item-display-block wpr-grid-item-align-left\"><div class=\"inner-block\"><span>5 de diciembre de 2023<\/span><\/div><\/div><div class=\"wpr-grid-item-separator elementor-repeater-item-0025724 wpr-grid-item-display-block wpr-grid-item-align-left wpr-grid-sep-style-2\"><div class=\"inner-block\"><span><\/span><\/div><\/div><div class=\"wpr-grid-item-read-more elementor-repeater-item-716d6c5 wpr-grid-item-display-block wpr-grid-item-align-left\"><div class=\"inner-block\"><a target=\"_self\" href=\"https:\/\/uvascuba.es\/?p=2540\" class=\"wpr-button-effect wpr-button-none\"><span>Leer m\u00e1s<\/span><\/a><\/div><\/div><\/div><\/div><\/article><\/section><div class=\"wpr-grid-pagination elementor-clearfix wpr-grid-pagination-numbered\"><div class=\"wpr-grid-pagi-left-arrows\"><span class=\"wpr-prev-page wpr-disabled-arrow\"><i class=\"fas fa-angle-double-left\"><\/i><span>Anterior<\/span><\/span><\/div><span class=\"wpr-grid-current-page\">1<\/span><a href=\"https:\/\/uvascuba.es\/index.php?rest_route=%2Fwp%2Fv2%2Fpages%2F1001&#038;paged=2\">2<\/a><div class=\"wpr-grid-pagi-right-arrows\"><a href=\"https:\/\/uvascuba.es\/index.php?rest_route=%2Fwp%2Fv2%2Fpages%2F1001&#038;paged=2\" class=\"wpr-next-page\"><span>Siguiente<\/span><i class=\"fas fa-angle-double-right\"><\/i><\/a><\/div><\/div>\t\t\t\t<\/div>\n\t\t\t\t<\/div>\n\t\t\t\t\t<\/div>\n\t\t<\/div>\n\t\t\t\t\t<\/div>\n\t\t<\/section>\n\t\t<div class=\"elementor-element elementor-element-a2d388a e-flex e-con-boxed wpr-particle-no wpr-jarallax-no wpr-parallax-no wpr-sticky-section-no e-con e-parent\" data-id=\"a2d388a\" data-element_type=\"container\" data-e-type=\"container\">\n\t\t\t\t\t<div class=\"e-con-inner\">\n\t\t\t\t<div class=\"elementor-element elementor-element-64d7a94 elementor-widget elementor-widget-shortcode\" data-id=\"64d7a94\" data-element_type=\"widget\" data-e-type=\"widget\" data-widget_type=\"shortcode.default\">\n\t\t\t\t<div class=\"elementor-widget-container\">\n\t\t\t\t\t\t\t<div class=\"elementor-shortcode\">\t\t<div data-elementor-type=\"wp-post\" data-elementor-id=\"608\" class=\"elementor elementor-608\">\n\t\t\t\t<div class=\"elementor-element elementor-element-c21ed50 e-flex e-con-boxed wpr-particle-no wpr-jarallax-no wpr-parallax-no wpr-sticky-section-no e-con e-parent\" data-id=\"c21ed50\" data-element_type=\"container\" data-e-type=\"container\" data-settings=\"{&quot;background_background&quot;:&quot;classic&quot;,&quot;shape_divider_top&quot;:&quot;mountains&quot;}\">\n\t\t\t\t\t<div class=\"e-con-inner\">\n\t\t\t\t<div class=\"elementor-shape elementor-shape-top\" aria-hidden=\"true\" data-negative=\"false\">\n\t\t\t<svg xmlns=\"http:\/\/www.w3.org\/2000\/svg\" viewBox=\"0 0 1000 100\" preserveAspectRatio=\"none\">\n\t<path class=\"elementor-shape-fill\" opacity=\"0.33\" d=\"M473,67.3c-203.9,88.3-263.1-34-320.3,0C66,119.1,0,59.7,0,59.7V0h1000v59.7 c0,0-62.1,26.1-94.9,29.3c-32.8,3.3-62.8-12.3-75.8-22.1C806,49.6,745.3,8.7,694.9,4.7S492.4,59,473,67.3z\"\/>\n\t<path class=\"elementor-shape-fill\" opacity=\"0.66\" d=\"M734,67.3c-45.5,0-77.2-23.2-129.1-39.1c-28.6-8.7-150.3-10.1-254,39.1 s-91.7-34.4-149.2,0C115.7,118.3,0,39.8,0,39.8V0h1000v36.5c0,0-28.2-18.5-92.1-18.5C810.2,18.1,775.7,67.3,734,67.3z\"\/>\n\t<path class=\"elementor-shape-fill\" d=\"M766.1,28.9c-200-57.5-266,65.5-395.1,19.5C242,1.8,242,5.4,184.8,20.6C128,35.8,132.3,44.9,89.9,52.5C28.6,63.7,0,0,0,0 h1000c0,0-9.9,40.9-83.6,48.1S829.6,47,766.1,28.9z\"\/>\n<\/svg>\t\t<\/div>\n\t\t\t\t<div class=\"elementor-element elementor-element-6a7ef79 elementor-widget elementor-widget-menu-anchor\" data-id=\"6a7ef79\" data-element_type=\"widget\" data-e-type=\"widget\" data-widget_type=\"menu-anchor.default\">\n\t\t\t\t<div class=\"elementor-widget-container\">\n\t\t\t\t\t\t\t<div class=\"elementor-menu-anchor\" id=\"contacto\"><\/div>\n\t\t\t\t\t\t<\/div>\n\t\t\t\t<\/div>\n\t\t<div class=\"elementor-element elementor-element-9145ca8 e-flex e-con-boxed wpr-particle-no wpr-jarallax-no wpr-parallax-no wpr-sticky-section-no e-con e-child\" data-id=\"9145ca8\" data-element_type=\"container\" data-e-type=\"container\" data-settings=\"{&quot;background_background&quot;:&quot;classic&quot;}\">\n\t\t\t\t\t<div class=\"e-con-inner\">\n\t\t<div class=\"elementor-element elementor-element-8f4b738 e-flex e-con-boxed wpr-particle-no wpr-jarallax-no wpr-parallax-no wpr-sticky-section-no e-con e-child\" data-id=\"8f4b738\" data-element_type=\"container\" data-e-type=\"container\">\n\t\t\t\t\t<div class=\"e-con-inner\">\n\t\t<div class=\"elementor-element elementor-element-864b2ce e-con-full e-flex wpr-particle-no wpr-jarallax-no wpr-parallax-no wpr-sticky-section-no e-con e-child\" data-id=\"864b2ce\" data-element_type=\"container\" data-e-type=\"container\">\n\t\t\t\t<div class=\"elementor-element elementor-element-a06dd63 elementor-widget elementor-widget-heading\" data-id=\"a06dd63\" data-element_type=\"widget\" data-e-type=\"widget\" data-widget_type=\"heading.default\">\n\t\t\t\t<div class=\"elementor-widget-container\">\n\t\t\t\t\t<h2 class=\"elementor-heading-title elementor-size-default\">Informaci\u00f3n de contacto<\/h2>\t\t\t\t<\/div>\n\t\t\t\t<\/div>\n\t\t<div class=\"elementor-element elementor-element-128dfd7 e-con-full e-flex wpr-particle-no wpr-jarallax-no wpr-parallax-no wpr-sticky-section-no e-con e-child\" data-id=\"128dfd7\" data-element_type=\"container\" data-e-type=\"container\">\n\t\t\t\t<div class=\"elementor-element elementor-element-8894de1 elementor-icon-list--layout-traditional elementor-list-item-link-full_width elementor-widget elementor-widget-icon-list\" data-id=\"8894de1\" data-element_type=\"widget\" data-e-type=\"widget\" data-widget_type=\"icon-list.default\">\n\t\t\t\t<div class=\"elementor-widget-container\">\n\t\t\t\t\t\t\t<ul class=\"elementor-icon-list-items\">\n\t\t\t\t\t\t\t<li class=\"elementor-icon-list-item\">\n\t\t\t\t\t\t\t\t\t\t\t<span class=\"elementor-icon-list-icon\">\n\t\t\t\t\t\t\t<i aria-hidden=\"true\" class=\"fas fa-phone-alt\"><\/i>\t\t\t\t\t\t<\/span>\n\t\t\t\t\t\t\t\t\t\t<span class=\"elementor-icon-list-text\">630 38 16 92<\/span>\n\t\t\t\t\t\t\t\t\t<\/li>\n\t\t\t\t\t\t\t\t<li class=\"elementor-icon-list-item\">\n\t\t\t\t\t\t\t\t\t\t\t<a href=\"http:\/\/uvascuba@gmail.com\" target=\"_blank\">\n\n\t\t\t\t\t\t\t\t\t\t\t\t<span class=\"elementor-icon-list-icon\">\n\t\t\t\t\t\t\t<i aria-hidden=\"true\" class=\"fas fa-envelope-open-text\"><\/i>\t\t\t\t\t\t<\/span>\n\t\t\t\t\t\t\t\t\t\t<span class=\"elementor-icon-list-text\">uvascuba@gmail.com<\/span>\n\t\t\t\t\t\t\t\t\t\t\t<\/a>\n\t\t\t\t\t\t\t\t\t<\/li>\n\t\t\t\t\t\t<\/ul>\n\t\t\t\t\t\t<\/div>\n\t\t\t\t<\/div>\n\t\t\t\t<\/div>\n\t\t\t\t<\/div>\n\t\t\t\t<div class=\"elementor-element elementor-element-15fbec8 elementor-widget__width-initial elementor-widget elementor-widget-image\" data-id=\"15fbec8\" data-element_type=\"widget\" data-e-type=\"widget\" data-widget_type=\"image.default\">\n\t\t\t\t<div class=\"elementor-widget-container\">\n\t\t\t\t\t\t\t\t\t\t\t\t\t\t\t<img fetchpriority=\"high\" decoding=\"async\" width=\"1024\" height=\"98\" src=\"https:\/\/uvascuba.es\/wp-content\/uploads\/2023\/12\/Logos-Pie-1024x98.png\" class=\"attachment-large size-large wp-image-1446\" alt=\"\" srcset=\"https:\/\/uvascuba.es\/wp-content\/uploads\/2023\/12\/Logos-Pie-1024x98.png 1024w, https:\/\/uvascuba.es\/wp-content\/uploads\/2023\/12\/Logos-Pie-300x29.png 300w, https:\/\/uvascuba.es\/wp-content\/uploads\/2023\/12\/Logos-Pie-768x74.png 768w, https:\/\/uvascuba.es\/wp-content\/uploads\/2023\/12\/Logos-Pie-1536x147.png 1536w, https:\/\/uvascuba.es\/wp-content\/uploads\/2023\/12\/Logos-Pie.png 1730w\" sizes=\"(max-width: 1024px) 100vw, 1024px\" \/>\t\t\t\t\t\t\t\t\t\t\t\t\t\t\t<\/div>\n\t\t\t\t<\/div>\n\t\t\t\t\t<\/div>\n\t\t\t\t<\/div>\n\t\t<div class=\"elementor-element elementor-element-2d60238 e-con-full e-flex wpr-particle-no wpr-jarallax-no wpr-parallax-no wpr-sticky-section-no e-con e-child\" data-id=\"2d60238\" data-element_type=\"container\" data-e-type=\"container\">\n\t\t\t\t<div class=\"elementor-element elementor-element-405bdd2 elementor-widget elementor-widget-heading\" data-id=\"405bdd2\" data-element_type=\"widget\" data-e-type=\"widget\" data-widget_type=\"heading.default\">\n\t\t\t\t<div class=\"elementor-widget-container\">\n\t\t\t\t\t<h2 class=\"elementor-heading-title elementor-size-small\">Copyright \u00a9 2025 UVaScuba <\/h2>\t\t\t\t<\/div>\n\t\t\t\t<\/div>\n\t\t\t\t<div class=\"elementor-element elementor-element-a1f3ad7 elementor-widget elementor-widget-heading\" data-id=\"a1f3ad7\" data-element_type=\"widget\" data-e-type=\"widget\" data-widget_type=\"heading.default\">\n\t\t\t\t<div class=\"elementor-widget-container\">\n\t\t\t\t\t<h2 class=\"elementor-heading-title elementor-size-small\"><a href=\"https:\/\/multimedia.eii.uva.es\/~user11\/?page_id=3%20\">Pol\u00edtica de privacidad<\/a><\/h2>\t\t\t\t<\/div>\n\t\t\t\t<\/div>\n\t\t\t\t<div class=\"elementor-element elementor-element-4d8d19e elementor-widget elementor-widget-heading\" data-id=\"4d8d19e\" data-element_type=\"widget\" data-e-type=\"widget\" data-widget_type=\"heading.default\">\n\t\t\t\t<div class=\"elementor-widget-container\">\n\t\t\t\t\t<h2 class=\"elementor-heading-title elementor-size-small\"><a href=\"https:\/\/multimedia.eii.uva.es\/~user11\/?page_id=640\">T\u00e9rminos de uso<\/a><\/h2>\t\t\t\t<\/div>\n\t\t\t\t<\/div>\n\t\t\t\t<\/div>\n\t\t\t\t\t<\/div>\n\t\t\t\t<\/div>\n\t\t\t\t\t<\/div>\n\t\t\t\t<\/div>\n\t\t\t\t<\/div>\n\t\t<\/div>\n\t\t\t\t\t\t<\/div>\n\t\t\t\t<\/div>\n\t\t\t\t\t<\/div>\n\t\t\t\t<\/div>\n\t\t\t\t<\/div>\n\t\t","protected":false},"excerpt":{"rendered":"<p>NUESTRO BLOG Todo Inmersiones Inmersiones Primer curso completado de buceo\u00a0cient\u00edfico 20 de marzo de 2025Leer m\u00e1s Inmersiones MAR ROJO 2023 13 de diciembre de 2023Leer m\u00e1s Inmersiones Mar Rojo Norte Oct 2023 12 de diciembre de 2023Leer m\u00e1s Inmersiones Mar Rojo Norte Oct. 2023 Luxor 12 de diciembre de 2023Leer m\u00e1s Inmersiones Curso AOWD Diciembre del 2023 5 de diciembre de 2023Leer m\u00e1s Anterior12Siguiente<\/p>\n","protected":false},"author":3,"featured_media":0,"parent":0,"menu_order":0,"comment_status":"closed","ping_status":"closed","template":"","meta":{"footnotes":""},"class_list":["post-1001","page","type-page","status-publish","hentry"],"jetpack_sharing_enabled":true,"_links":{"self":[{"href":"https:\/\/uvascuba.es\/index.php?rest_route=\/wp\/v2\/pages\/1001","targetHints":{"allow":["GET"]}}],"collection":[{"href":"https:\/\/uvascuba.es\/index.php?rest_route=\/wp\/v2\/pages"}],"about":[{"href":"https:\/\/uvascuba.es\/index.php?rest_route=\/wp\/v2\/types\/page"}],"author":[{"embeddable":true,"href":"https:\/\/uvascuba.es\/index.php?rest_route=\/wp\/v2\/users\/3"}],"replies":[{"embeddable":true,"href":"https:\/\/uvascuba.es\/index.php?rest_route=%2Fwp%2Fv2%2Fcomments&post=1001"}],"version-history":[{"count":75,"href":"https:\/\/uvascuba.es\/index.php?rest_route=\/wp\/v2\/pages\/1001\/revisions"}],"predecessor-version":[{"id":3258,"href":"https:\/\/uvascuba.es\/index.php?rest_route=\/wp\/v2\/pages\/1001\/revisions\/3258"}],"wp:attachment":[{"href":"https:\/\/uvascuba.es\/index.php?rest_route=%2Fwp%2Fv2%2Fmedia&parent=1001"}],"curies":[{"name":"wp","href":"https:\/\/api.w.org\/{rel}","templated":true}]}}